{"id":1047,"date":"2025-04-25T15:47:33","date_gmt":"2025-04-25T15:47:33","guid":{"rendered":"https:\/\/wfxgroup.com.ar\/hosting-mailing\/?page_id=1047"},"modified":"2025-04-25T15:55:08","modified_gmt":"2025-04-25T15:55:08","slug":"politica-de-privacidad-wfx-refresh","status":"publish","type":"page","link":"https:\/\/wfxgroup.com.ar\/hosting-mailing\/politica-de-privacidad-wfx-refresh\/","title":{"rendered":"Pol\u00edtica de Privacidad WFX-Refresh"},"content":{"rendered":"\n<p><strong>Nombre de la Extensi\u00f3n<\/strong>: WFX-Refresh<br><strong>\u00daltima actualizaci\u00f3n<\/strong>: 2025-04-25<\/p>\n\n\n\n<div style=\"height:20px\" aria-hidden=\"true\" class=\"wp-block-spacer\"><\/div>\n\n\n\n<h3 class=\"wp-block-heading\"><strong>1. Datos que Recopilamos<\/strong><\/h3>\n\n\n\n<p>Esta extensi\u00f3n&nbsp;<strong>NO recopila, almacena ni comparte informaci\u00f3n personal de los usuarios<\/strong>, como:<\/p>\n\n\n\n<ul class=\"wp-block-list\">\n<li>Nombres.<\/li>\n\n\n\n<li>Correos electr\u00f3nicos.<\/li>\n\n\n\n<li>Direcciones IP.<\/li>\n\n\n\n<li>Datos de ubicaci\u00f3n.<\/li>\n\n\n\n<li>Historial de navegaci\u00f3n.<\/li>\n<\/ul>\n\n\n\n<h4 class=\"wp-block-heading\"><strong>Permisos Explicados<\/strong>:<\/h4>\n\n\n\n<ul class=\"wp-block-list\">\n<li><strong><code>tabs<\/code><\/strong>: Accede a las URL y t\u00edtulos de las pesta\u00f1as abiertas\u00a0<strong>\u00fanicamente para identificar la pesta\u00f1a activa<\/strong>\u00a0y aplicar la funcionalidad de auto-refresco.<\/li>\n\n\n\n<li><strong><code>storage<\/code><\/strong>: Almacena localmente (en tu dispositivo) configuraciones como:\n<ul class=\"wp-block-list\">\n<li>Intervalo de tiempo para el refresco autom\u00e1tico.<\/li>\n\n\n\n<li>ID de la pesta\u00f1a monitoreada.<\/li>\n<\/ul>\n<\/li>\n\n\n\n<li><strong><code>alarms<\/code><\/strong>: Programa temporizadores internos para ejecutar el refresco autom\u00e1tico.\u00a0<strong>No accede a datos externos<\/strong>.<\/li>\n<\/ul>\n\n\n\n<div style=\"height:20px\" aria-hidden=\"true\" class=\"wp-block-spacer\"><\/div>\n\n\n\n<h3 class=\"wp-block-heading\"><strong>2. Uso de los Datos<\/strong><\/h3>\n\n\n\n<p>Los datos almacenados localmente (<code>storage<\/code>) se usan&nbsp;<strong>exclusivamente<\/strong>&nbsp;para:<\/p>\n\n\n\n<ul class=\"wp-block-list\">\n<li>Recordar tus preferencias de configuraci\u00f3n.<\/li>\n\n\n\n<li>Ejecutar la funcionalidad b\u00e1sica de la extensi\u00f3n.<\/li>\n<\/ul>\n\n\n\n<div style=\"height:20px\" aria-hidden=\"true\" class=\"wp-block-spacer\"><\/div>\n\n\n\n<h3 class=\"wp-block-heading\"><strong>3. Compartir Datos<\/strong><\/h3>\n\n\n\n<p>Esta extensi\u00f3n:<\/p>\n\n\n\n<ul class=\"wp-block-list\">\n<li><strong>No env\u00eda datos a servidores externos<\/strong>.<\/li>\n\n\n\n<li><strong>No vende, alquila ni comparte informaci\u00f3n con terceros<\/strong>.<\/li>\n\n\n\n<li><strong>No utiliza cookies ni tecnolog\u00edas de rastreo<\/strong>.<\/li>\n<\/ul>\n\n\n\n<div style=\"height:20px\" aria-hidden=\"true\" class=\"wp-block-spacer\"><\/div>\n\n\n\n<h3 class=\"wp-block-heading\"><strong>4. Seguridad<\/strong><\/h3>\n\n\n\n<ul class=\"wp-block-list\">\n<li>Los datos se almacenan localmente en tu navegador mediante\u00a0<code>chrome.storage.local<\/code>.<\/li>\n\n\n\n<li>No tenemos acceso a estos datos.<\/li>\n<\/ul>\n\n\n\n<div style=\"height:20px\" aria-hidden=\"true\" class=\"wp-block-spacer\"><\/div>\n\n\n\n<h3 class=\"wp-block-heading\"><strong>5. Derechos del Usuario<\/strong><\/h3>\n\n\n\n<p>De acuerdo con el&nbsp;<strong>GDPR<\/strong>&nbsp;y&nbsp;<strong>CCPA<\/strong>, puedes:<\/p>\n\n\n\n<ul class=\"wp-block-list\">\n<li><strong>Eliminar todos los datos<\/strong>: Desinstala la extensi\u00f3n (los datos de\u00a0<code>storage<\/code>\u00a0se borran autom\u00e1ticamente).<\/li>\n\n\n\n<li><strong>Solicitar informaci\u00f3n<\/strong>: Cont\u00e1ctanos en info@wfxgroup.com.ar para consultas sobre tus datos.<\/li>\n<\/ul>\n\n\n\n<div style=\"height:20px\" aria-hidden=\"true\" class=\"wp-block-spacer\"><\/div>\n\n\n\n<h3 class=\"wp-block-heading\"><strong>6. Cambios en esta Pol\u00edtica<\/strong><\/h3>\n\n\n\n<p>Notificaremos actualizaciones importantes mediante:<\/p>\n\n\n\n<ul class=\"wp-block-list\">\n<li>Una notificaci\u00f3n en la extensi\u00f3n.<\/li>\n\n\n\n<li>La fecha de \u00ab\u00daltima actualizaci\u00f3n\u00bb en este documento.<\/li>\n<\/ul>\n\n\n\n<div style=\"height:20px\" aria-hidden=\"true\" class=\"wp-block-spacer\"><\/div>\n\n\n\n<h3 class=\"wp-block-heading\"><strong>7. Contacto<\/strong><\/h3>\n\n\n\n<p>Para preguntas sobre privacidad, escribe a: info@wfxgroup.com.ar.<\/p>\n\n\n\n<div style=\"height:50px\" aria-hidden=\"true\" class=\"wp-block-spacer\"><\/div>\n","protected":false},"excerpt":{"rendered":"<p>Nombre de la Extensi\u00f3n: WFX-Refresh\u00daltima actualizaci\u00f3n: 2025-04-25 1. Datos que Recopilamos Esta extensi\u00f3n&nbsp;NO recopila, almacena ni comparte informaci\u00f3n personal de los usuarios, como: Permisos Explicados: 2. Uso de los Datos Los datos almacenados localmente (storage) se usan&nbsp;exclusivamente&nbsp;para: 3. Compartir Datos Esta extensi\u00f3n: 4. Seguridad 5. Derechos del Usuario De acuerdo con el&nbsp;GDPR&nbsp;y&nbsp;CCPA, puedes: 6. Cambios [&hellip;]<\/p>\n","protected":false},"author":2,"featured_media":0,"parent":0,"menu_order":0,"comment_status":"closed","ping_status":"closed","template":"","meta":{"jetpack_post_was_ever_published":false,"footnotes":""},"class_list":["post-1047","page","type-page","status-publish","hentry"],"yoast_head":"<!-- This site is optimized with the Yoast SEO plugin v27.5 - https:\/\/yoast.com\/product\/yoast-seo-wordpress\/ -->\n<title>Pol\u00edtica de Privacidad WFX-Refresh - WfxGroup<\/title>\n<meta name=\"robots\" content=\"index, follow, max-snippet:-1, max-image-preview:large, max-video-preview:-1\" \/>\n<link rel=\"canonical\" href=\"https:\/\/wfxgroup.com.ar\/hosting-mailing\/politica-de-privacidad-wfx-refresh\/\" \/>\n<meta property=\"og:locale\" content=\"es_ES\" \/>\n<meta property=\"og:type\" content=\"article\" \/>\n<meta property=\"og:title\" content=\"Pol\u00edtica de Privacidad WFX-Refresh - WfxGroup\" \/>\n<meta property=\"og:description\" content=\"Nombre de la Extensi\u00f3n: WFX-Refresh\u00daltima actualizaci\u00f3n: 2025-04-25 1. Datos que Recopilamos Esta extensi\u00f3n&nbsp;NO recopila, almacena ni comparte informaci\u00f3n personal de los usuarios, como: Permisos Explicados: 2. Uso de los Datos Los datos almacenados localmente (storage) se usan&nbsp;exclusivamente&nbsp;para: 3. Compartir Datos Esta extensi\u00f3n: 4. Seguridad 5. Derechos del Usuario De acuerdo con el&nbsp;GDPR&nbsp;y&nbsp;CCPA, puedes: 6. Cambios [&hellip;]\" \/>\n<meta property=\"og:url\" content=\"https:\/\/wfxgroup.com.ar\/hosting-mailing\/politica-de-privacidad-wfx-refresh\/\" \/>\n<meta property=\"og:site_name\" content=\"WfxGroup\" \/>\n<meta property=\"article:modified_time\" content=\"2025-04-25T15:55:08+00:00\" \/>\n<meta name=\"twitter:card\" content=\"summary_large_image\" \/>\n<meta name=\"twitter:label1\" content=\"Tiempo de lectura\" \/>\n\t<meta name=\"twitter:data1\" content=\"2 minutos\" \/>\n<script type=\"application\/ld+json\" class=\"yoast-schema-graph\">{\"@context\":\"https:\\\/\\\/schema.org\",\"@graph\":[{\"@type\":\"WebPage\",\"@id\":\"https:\\\/\\\/wfxgroup.com.ar\\\/hosting-mailing\\\/politica-de-privacidad-wfx-refresh\\\/\",\"url\":\"https:\\\/\\\/wfxgroup.com.ar\\\/hosting-mailing\\\/politica-de-privacidad-wfx-refresh\\\/\",\"name\":\"Pol\u00edtica de Privacidad WFX-Refresh - WfxGroup\",\"isPartOf\":{\"@id\":\"https:\\\/\\\/wfxgroup.com.ar\\\/hosting-mailing\\\/#website\"},\"datePublished\":\"2025-04-25T15:47:33+00:00\",\"dateModified\":\"2025-04-25T15:55:08+00:00\",\"breadcrumb\":{\"@id\":\"https:\\\/\\\/wfxgroup.com.ar\\\/hosting-mailing\\\/politica-de-privacidad-wfx-refresh\\\/#breadcrumb\"},\"inLanguage\":\"es\",\"potentialAction\":[{\"@type\":\"ReadAction\",\"target\":[\"https:\\\/\\\/wfxgroup.com.ar\\\/hosting-mailing\\\/politica-de-privacidad-wfx-refresh\\\/\"]}]},{\"@type\":\"BreadcrumbList\",\"@id\":\"https:\\\/\\\/wfxgroup.com.ar\\\/hosting-mailing\\\/politica-de-privacidad-wfx-refresh\\\/#breadcrumb\",\"itemListElement\":[{\"@type\":\"ListItem\",\"position\":1,\"name\":\"Portada\",\"item\":\"https:\\\/\\\/wfxgroup.com.ar\\\/hosting-mailing\\\/\"},{\"@type\":\"ListItem\",\"position\":2,\"name\":\"Pol\u00edtica de Privacidad WFX-Refresh\"}]},{\"@type\":\"WebSite\",\"@id\":\"https:\\\/\\\/wfxgroup.com.ar\\\/hosting-mailing\\\/#website\",\"url\":\"https:\\\/\\\/wfxgroup.com.ar\\\/hosting-mailing\\\/\",\"name\":\"WfxGroup\",\"description\":\"Desarrollos Web a medida\",\"potentialAction\":[{\"@type\":\"SearchAction\",\"target\":{\"@type\":\"EntryPoint\",\"urlTemplate\":\"https:\\\/\\\/wfxgroup.com.ar\\\/hosting-mailing\\\/?s={search_term_string}\"},\"query-input\":{\"@type\":\"PropertyValueSpecification\",\"valueRequired\":true,\"valueName\":\"search_term_string\"}}],\"inLanguage\":\"es\"}]}<\/script>\n<!-- \/ Yoast SEO plugin. -->","yoast_head_json":{"title":"Pol\u00edtica de Privacidad WFX-Refresh - WfxGroup","robots":{"index":"index","follow":"follow","max-snippet":"max-snippet:-1","max-image-preview":"max-image-preview:large","max-video-preview":"max-video-preview:-1"},"canonical":"https:\/\/wfxgroup.com.ar\/hosting-mailing\/politica-de-privacidad-wfx-refresh\/","og_locale":"es_ES","og_type":"article","og_title":"Pol\u00edtica de Privacidad WFX-Refresh - WfxGroup","og_description":"Nombre de la Extensi\u00f3n: WFX-Refresh\u00daltima actualizaci\u00f3n: 2025-04-25 1. Datos que Recopilamos Esta extensi\u00f3n&nbsp;NO recopila, almacena ni comparte informaci\u00f3n personal de los usuarios, como: Permisos Explicados: 2. Uso de los Datos Los datos almacenados localmente (storage) se usan&nbsp;exclusivamente&nbsp;para: 3. Compartir Datos Esta extensi\u00f3n: 4. Seguridad 5. Derechos del Usuario De acuerdo con el&nbsp;GDPR&nbsp;y&nbsp;CCPA, puedes: 6. Cambios [&hellip;]","og_url":"https:\/\/wfxgroup.com.ar\/hosting-mailing\/politica-de-privacidad-wfx-refresh\/","og_site_name":"WfxGroup","article_modified_time":"2025-04-25T15:55:08+00:00","twitter_card":"summary_large_image","twitter_misc":{"Tiempo de lectura":"2 minutos"},"schema":{"@context":"https:\/\/schema.org","@graph":[{"@type":"WebPage","@id":"https:\/\/wfxgroup.com.ar\/hosting-mailing\/politica-de-privacidad-wfx-refresh\/","url":"https:\/\/wfxgroup.com.ar\/hosting-mailing\/politica-de-privacidad-wfx-refresh\/","name":"Pol\u00edtica de Privacidad WFX-Refresh - WfxGroup","isPartOf":{"@id":"https:\/\/wfxgroup.com.ar\/hosting-mailing\/#website"},"datePublished":"2025-04-25T15:47:33+00:00","dateModified":"2025-04-25T15:55:08+00:00","breadcrumb":{"@id":"https:\/\/wfxgroup.com.ar\/hosting-mailing\/politica-de-privacidad-wfx-refresh\/#breadcrumb"},"inLanguage":"es","potentialAction":[{"@type":"ReadAction","target":["https:\/\/wfxgroup.com.ar\/hosting-mailing\/politica-de-privacidad-wfx-refresh\/"]}]},{"@type":"BreadcrumbList","@id":"https:\/\/wfxgroup.com.ar\/hosting-mailing\/politica-de-privacidad-wfx-refresh\/#breadcrumb","itemListElement":[{"@type":"ListItem","position":1,"name":"Portada","item":"https:\/\/wfxgroup.com.ar\/hosting-mailing\/"},{"@type":"ListItem","position":2,"name":"Pol\u00edtica de Privacidad WFX-Refresh"}]},{"@type":"WebSite","@id":"https:\/\/wfxgroup.com.ar\/hosting-mailing\/#website","url":"https:\/\/wfxgroup.com.ar\/hosting-mailing\/","name":"WfxGroup","description":"Desarrollos Web a medida","potentialAction":[{"@type":"SearchAction","target":{"@type":"EntryPoint","urlTemplate":"https:\/\/wfxgroup.com.ar\/hosting-mailing\/?s={search_term_string}"},"query-input":{"@type":"PropertyValueSpecification","valueRequired":true,"valueName":"search_term_string"}}],"inLanguage":"es"}]}},"jetpack_sharing_enabled":true,"jetpack_shortlink":"https:\/\/wp.me\/PaNH80-gT","_links":{"self":[{"href":"https:\/\/wfxgroup.com.ar\/hosting-mailing\/wp-json\/wp\/v2\/pages\/1047","targetHints":{"allow":["GET"]}}],"collection":[{"href":"https:\/\/wfxgroup.com.ar\/hosting-mailing\/wp-json\/wp\/v2\/pages"}],"about":[{"href":"https:\/\/wfxgroup.com.ar\/hosting-mailing\/wp-json\/wp\/v2\/types\/page"}],"author":[{"embeddable":true,"href":"https:\/\/wfxgroup.com.ar\/hosting-mailing\/wp-json\/wp\/v2\/users\/2"}],"replies":[{"embeddable":true,"href":"https:\/\/wfxgroup.com.ar\/hosting-mailing\/wp-json\/wp\/v2\/comments?post=1047"}],"version-history":[{"count":3,"href":"https:\/\/wfxgroup.com.ar\/hosting-mailing\/wp-json\/wp\/v2\/pages\/1047\/revisions"}],"predecessor-version":[{"id":1053,"href":"https:\/\/wfxgroup.com.ar\/hosting-mailing\/wp-json\/wp\/v2\/pages\/1047\/revisions\/1053"}],"wp:attachment":[{"href":"https:\/\/wfxgroup.com.ar\/hosting-mailing\/wp-json\/wp\/v2\/media?parent=1047"}],"curies":[{"name":"wp","href":"https:\/\/api.w.org\/{rel}","templated":true}]}}