{"id":40,"date":"2019-03-12T17:38:53","date_gmt":"2019-03-12T17:38:53","guid":{"rendered":"https:\/\/wfxgroup.com.ar\/hosting-mailing\/?page_id=40"},"modified":"2020-10-25T20:57:19","modified_gmt":"2020-10-25T20:57:19","slug":"portfolio","status":"publish","type":"page","link":"https:\/\/wfxgroup.com.ar\/hosting-mailing\/portfolio\/","title":{"rendered":"Portfolio"},"content":{"rendered":"\t\t<div data-elementor-type=\"wp-post\" data-elementor-id=\"40\" class=\"elementor elementor-40\" data-elementor-post-type=\"page\">\n\t\t\t\t\t\t<header class=\"elementor-section elementor-top-section elementor-element elementor-element-225d9d2 elementor-section-boxed elementor-section-height-default elementor-section-height-default\" data-id=\"225d9d2\" data-element_type=\"section\" data-e-type=\"section\" data-settings=\"{&quot;background_background&quot;:&quot;classic&quot;}\">\n\t\t\t\t\t\t\t<div class=\"elementor-background-overlay\"><\/div>\n\t\t\t\t\t\t\t<div class=\"elementor-container elementor-column-gap-default\">\n\t\t\t\t\t<div class=\"elementor-column elementor-col-100 elementor-top-column elementor-element elementor-element-65c05bb\" data-id=\"65c05bb\" data-element_type=\"column\" data-e-type=\"column\">\n\t\t\t<div class=\"elementor-widget-wrap elementor-element-populated\">\n\t\t\t\t\t\t<div class=\"elementor-element elementor-element-36324ce elementor-widget elementor-widget-heading\" data-id=\"36324ce\" data-element_type=\"widget\" data-e-type=\"widget\" data-widget_type=\"heading.default\">\n\t\t\t\t<div class=\"elementor-widget-container\">\n\t\t\t\t\t<h1 class=\"elementor-heading-title elementor-size-default\">Portfolio<\/h1>\t\t\t\t<\/div>\n\t\t\t\t<\/div>\n\t\t\t\t\t<\/div>\n\t\t<\/div>\n\t\t\t\t\t<\/div>\n\t\t<\/header>\n\t\t\t\t<section class=\"elementor-section elementor-top-section elementor-element elementor-element-76e4e63 elementor-section-boxed elementor-section-height-default elementor-section-height-default\" data-id=\"76e4e63\" data-element_type=\"section\" data-e-type=\"section\" data-settings=\"{&quot;background_background&quot;:&quot;gradient&quot;,&quot;animation&quot;:&quot;none&quot;}\">\n\t\t\t\t\t\t\t<div class=\"elementor-background-overlay\"><\/div>\n\t\t\t\t\t\t\t<div class=\"elementor-container elementor-column-gap-default\">\n\t\t\t\t\t<div class=\"elementor-column elementor-col-100 elementor-top-column elementor-element elementor-element-20d2921\" data-id=\"20d2921\" data-element_type=\"column\" data-e-type=\"column\" data-settings=\"{&quot;background_background&quot;:&quot;classic&quot;}\">\n\t\t\t<div class=\"elementor-widget-wrap elementor-element-populated\">\n\t\t\t\t\t\t<div class=\"elementor-element elementor-element-9952370 elementor-widget elementor-widget-gallery\" data-id=\"9952370\" data-element_type=\"widget\" data-e-type=\"widget\" data-settings=\"{&quot;gallery_layout&quot;:&quot;masonry&quot;,&quot;columns&quot;:3,&quot;gap&quot;:{&quot;unit&quot;:&quot;px&quot;,&quot;size&quot;:30,&quot;sizes&quot;:[]},&quot;overlay_title&quot;:&quot;title&quot;,&quot;overlay_description&quot;:&quot;caption&quot;,&quot;image_hover_animation&quot;:&quot;grow&quot;,&quot;background_overlay_hover_animation&quot;:&quot;enter-from-left&quot;,&quot;lazyload&quot;:&quot;yes&quot;,&quot;columns_tablet&quot;:2,&quot;columns_mobile&quot;:1,&quot;gap_tablet&quot;:{&quot;unit&quot;:&quot;px&quot;,&quot;size&quot;:10,&quot;sizes&quot;:[]},&quot;gap_mobile&quot;:{&quot;unit&quot;:&quot;px&quot;,&quot;size&quot;:10,&quot;sizes&quot;:[]},&quot;link_to&quot;:&quot;file&quot;,&quot;overlay_background&quot;:&quot;yes&quot;,&quot;content_hover_animation&quot;:&quot;fade-in&quot;}\" data-widget_type=\"gallery.default\">\n\t\t\t\t<div class=\"elementor-widget-container\">\n\t\t\t\t\t\t\t<div class=\"elementor-gallery__container\">\n\t\t\t\t\t\t\t<a class=\"e-gallery-item elementor-gallery-item elementor-animated-content\" href=\"https:\/\/wfxgroup.com.ar\/hosting-mailing\/wp-content\/uploads\/2020\/04\/bulonera4_cluster.jpg\" data-elementor-open-lightbox=\"yes\" data-elementor-lightbox-slideshow=\"9952370\" data-elementor-lightbox-title=\"Bulonera Camba\" data-elementor-lightbox-description=\"BuloneraCamba.com.ar - Sitio de Ecommerce de empresa distribuidora mayorista de ferreteria y buloneria\" data-e-action-hash=\"#elementor-action%3Aaction%3Dlightbox%26settings%3DeyJpZCI6NTc4LCJ1cmwiOiJodHRwczpcL1wvd2Z4Z3JvdXAuY29tLmFyXC9ob3N0aW5nLW1haWxpbmdcL3dwLWNvbnRlbnRcL3VwbG9hZHNcLzIwMjBcLzA0XC9idWxvbmVyYTRfY2x1c3Rlci5qcGciLCJzbGlkZXNob3ciOiI5OTUyMzcwIn0%3D\">\n\t\t\t\t\t<div class=\"e-gallery-image elementor-gallery-item__image\" data-thumbnail=\"https:\/\/wfxgroup.com.ar\/hosting-mailing\/wp-content\/uploads\/2020\/04\/bulonera4_cluster.jpg\" data-width=\"1040\" data-height=\"940\" aria-label=\"\" role=\"img\" ><\/div>\n\t\t\t\t\t\t\t\t\t\t\t<div class=\"elementor-gallery-item__overlay\"><\/div>\n\t\t\t\t\t\t\t\t\t\t\t\t\t\t\t<div class=\"elementor-gallery-item__content\">\n\t\t\t\t\t\t\t\t\t\t\t\t\t\t<div class=\"elementor-gallery-item__title\">\n\t\t\t\t\t\t\t\t\t\t\t\t\t\t\t\t\t\tBulonera Camba\t\t\t\t\t\t\t\t<\/div>\n\t\t\t\t\t\t\t\t\t\t\t\t\t\t\t<div class=\"elementor-gallery-item__description\">\n\t\t\t\t\t\t\t\t\t\t\t\t\t\t\t\t\t\tBuloneraCamba.com.ar\t\t\t\t\t\t\t\t<\/div>\n\t\t\t\t\t\t\t\t\t\t\t\t<\/div>\n\t\t\t\t\t\t\t\t\t<\/a>\n\t\t\t\t\t\t\t<a class=\"e-gallery-item elementor-gallery-item elementor-animated-content\" href=\"https:\/\/wfxgroup.com.ar\/hosting-mailing\/wp-content\/uploads\/2019\/03\/port9.jpg\" data-elementor-open-lightbox=\"yes\" data-elementor-lightbox-slideshow=\"9952370\" data-elementor-lightbox-title=\"TodoAgro\" data-elementor-lightbox-description=\"TodoAgro - Portal especializado en noticias del sector Agropecuario\" data-e-action-hash=\"#elementor-action%3Aaction%3Dlightbox%26settings%3DeyJpZCI6MTcwLCJ1cmwiOiJodHRwczpcL1wvd2Z4Z3JvdXAuY29tLmFyXC9ob3N0aW5nLW1haWxpbmdcL3dwLWNvbnRlbnRcL3VwbG9hZHNcLzIwMTlcLzAzXC9wb3J0OS5qcGciLCJzbGlkZXNob3ciOiI5OTUyMzcwIn0%3D\">\n\t\t\t\t\t<div class=\"e-gallery-image elementor-gallery-item__image\" data-thumbnail=\"https:\/\/wfxgroup.com.ar\/hosting-mailing\/wp-content\/uploads\/2019\/03\/port9.jpg\" data-width=\"1040\" data-height=\"971\" aria-label=\"\" role=\"img\" ><\/div>\n\t\t\t\t\t\t\t\t\t\t\t<div class=\"elementor-gallery-item__overlay\"><\/div>\n\t\t\t\t\t\t\t\t\t\t\t\t\t\t\t<div class=\"elementor-gallery-item__content\">\n\t\t\t\t\t\t\t\t\t\t\t\t\t\t<div class=\"elementor-gallery-item__title\">\n\t\t\t\t\t\t\t\t\t\t\t\t\t\t\t\t\t\tTodoAgro\t\t\t\t\t\t\t\t<\/div>\n\t\t\t\t\t\t\t\t\t\t\t\t\t\t\t<div class=\"elementor-gallery-item__description\">\n\t\t\t\t\t\t\t\t\t\t\t\t\t\t\t\t\t\tTodoAgro.com.ar\t\t\t\t\t\t\t\t<\/div>\n\t\t\t\t\t\t\t\t\t\t\t\t<\/div>\n\t\t\t\t\t\t\t\t\t<\/a>\n\t\t\t\t\t\t\t<a class=\"e-gallery-item elementor-gallery-item elementor-animated-content\" href=\"https:\/\/wfxgroup.com.ar\/hosting-mailing\/wp-content\/uploads\/2020\/04\/pilt1_cluster.jpg\" data-elementor-open-lightbox=\"yes\" data-elementor-lightbox-slideshow=\"9952370\" data-elementor-lightbox-title=\"PILT\" data-elementor-lightbox-description=\"PILT.com.ar - Sitio del Parque Industrial, Log\u00edstico y Tecnol\u00f3gico de Villa Mar\u00eda\" data-e-action-hash=\"#elementor-action%3Aaction%3Dlightbox%26settings%3DeyJpZCI6NTc5LCJ1cmwiOiJodHRwczpcL1wvd2Z4Z3JvdXAuY29tLmFyXC9ob3N0aW5nLW1haWxpbmdcL3dwLWNvbnRlbnRcL3VwbG9hZHNcLzIwMjBcLzA0XC9waWx0MV9jbHVzdGVyLmpwZyIsInNsaWRlc2hvdyI6Ijk5NTIzNzAifQ%3D%3D\">\n\t\t\t\t\t<div class=\"e-gallery-image elementor-gallery-item__image\" data-thumbnail=\"https:\/\/wfxgroup.com.ar\/hosting-mailing\/wp-content\/uploads\/2020\/04\/pilt1_cluster.jpg\" data-width=\"940\" data-height=\"970\" aria-label=\"\" role=\"img\" ><\/div>\n\t\t\t\t\t\t\t\t\t\t\t<div class=\"elementor-gallery-item__overlay\"><\/div>\n\t\t\t\t\t\t\t\t\t\t\t\t\t\t\t<div class=\"elementor-gallery-item__content\">\n\t\t\t\t\t\t\t\t\t\t\t\t\t\t<div class=\"elementor-gallery-item__title\">\n\t\t\t\t\t\t\t\t\t\t\t\t\t\t\t\t\t\tPILT\t\t\t\t\t\t\t\t<\/div>\n\t\t\t\t\t\t\t\t\t\t\t\t\t\t\t<div class=\"elementor-gallery-item__description\">\n\t\t\t\t\t\t\t\t\t\t\t\t\t\t\t\t\t\tPILT.com.ar\t\t\t\t\t\t\t\t<\/div>\n\t\t\t\t\t\t\t\t\t\t\t\t<\/div>\n\t\t\t\t\t\t\t\t\t<\/a>\n\t\t\t\t\t\t\t<a class=\"e-gallery-item elementor-gallery-item elementor-animated-content\" href=\"https:\/\/wfxgroup.com.ar\/hosting-mailing\/wp-content\/uploads\/2020\/04\/Untitled-1-e1587959428639.jpg\" data-elementor-open-lightbox=\"yes\" data-elementor-lightbox-slideshow=\"9952370\" data-elementor-lightbox-title=\"Condor Pinceles\" data-elementor-lightbox-description=\"Propintor - Representante Oficial de Condor Pinceis en Argentina\" data-e-action-hash=\"#elementor-action%3Aaction%3Dlightbox%26settings%3DeyJpZCI6NjQ5LCJ1cmwiOiJodHRwczpcL1wvd2Z4Z3JvdXAuY29tLmFyXC9ob3N0aW5nLW1haWxpbmdcL3dwLWNvbnRlbnRcL3VwbG9hZHNcLzIwMjBcLzA0XC9VbnRpdGxlZC0xLWUxNTg3OTU5NDI4NjM5LmpwZyIsInNsaWRlc2hvdyI6Ijk5NTIzNzAifQ%3D%3D\">\n\t\t\t\t\t<div class=\"e-gallery-image elementor-gallery-item__image\" data-thumbnail=\"https:\/\/wfxgroup.com.ar\/hosting-mailing\/wp-content\/uploads\/2020\/04\/Untitled-1-e1587959428639.jpg\" data-width=\"950\" data-height=\"915\" aria-label=\"\" role=\"img\" ><\/div>\n\t\t\t\t\t\t\t\t\t\t\t<div class=\"elementor-gallery-item__overlay\"><\/div>\n\t\t\t\t\t\t\t\t\t\t\t\t\t\t\t<div class=\"elementor-gallery-item__content\">\n\t\t\t\t\t\t\t\t\t\t\t\t\t\t<div class=\"elementor-gallery-item__title\">\n\t\t\t\t\t\t\t\t\t\t\t\t\t\t\t\t\t\tCondor Pinceles\t\t\t\t\t\t\t\t<\/div>\n\t\t\t\t\t\t\t\t\t\t\t\t\t\t\t<div class=\"elementor-gallery-item__description\">\n\t\t\t\t\t\t\t\t\t\t\t\t\t\t\t\t\t\tEcondor.com.ar\t\t\t\t\t\t\t\t<\/div>\n\t\t\t\t\t\t\t\t\t\t\t\t<\/div>\n\t\t\t\t\t\t\t\t\t<\/a>\n\t\t\t\t\t\t\t<a class=\"e-gallery-item elementor-gallery-item elementor-animated-content\" href=\"https:\/\/wfxgroup.com.ar\/hosting-mailing\/wp-content\/uploads\/2019\/03\/port5.jpg\" data-elementor-open-lightbox=\"yes\" data-elementor-lightbox-slideshow=\"9952370\" data-elementor-lightbox-title=\"Pinturas Fadepa\" data-elementor-lightbox-description=\"PinturasFadepa.com.ar - Fabrica de Pinturas\" data-e-action-hash=\"#elementor-action%3Aaction%3Dlightbox%26settings%3DeyJpZCI6MTY2LCJ1cmwiOiJodHRwczpcL1wvd2Z4Z3JvdXAuY29tLmFyXC9ob3N0aW5nLW1haWxpbmdcL3dwLWNvbnRlbnRcL3VwbG9hZHNcLzIwMTlcLzAzXC9wb3J0NS5qcGciLCJzbGlkZXNob3ciOiI5OTUyMzcwIn0%3D\">\n\t\t\t\t\t<div class=\"e-gallery-image elementor-gallery-item__image\" data-thumbnail=\"https:\/\/wfxgroup.com.ar\/hosting-mailing\/wp-content\/uploads\/2019\/03\/port5.jpg\" data-width=\"1015\" data-height=\"974\" aria-label=\"\" role=\"img\" ><\/div>\n\t\t\t\t\t\t\t\t\t\t\t<div class=\"elementor-gallery-item__overlay\"><\/div>\n\t\t\t\t\t\t\t\t\t\t\t\t\t\t\t<div class=\"elementor-gallery-item__content\">\n\t\t\t\t\t\t\t\t\t\t\t\t\t\t<div class=\"elementor-gallery-item__title\">\n\t\t\t\t\t\t\t\t\t\t\t\t\t\t\t\t\t\tPinturas Fadepa\t\t\t\t\t\t\t\t<\/div>\n\t\t\t\t\t\t\t\t\t\t\t\t\t\t\t<div class=\"elementor-gallery-item__description\">\n\t\t\t\t\t\t\t\t\t\t\t\t\t\t\t\t\t\tPinturasFadepa.com.ar\t\t\t\t\t\t\t\t<\/div>\n\t\t\t\t\t\t\t\t\t\t\t\t<\/div>\n\t\t\t\t\t\t\t\t\t<\/a>\n\t\t\t\t\t\t\t<a class=\"e-gallery-item elementor-gallery-item elementor-animated-content\" href=\"https:\/\/wfxgroup.com.ar\/hosting-mailing\/wp-content\/uploads\/2019\/03\/port2.jpg\" data-elementor-open-lightbox=\"yes\" data-elementor-lightbox-slideshow=\"9952370\" data-elementor-lightbox-title=\"TodoCerdos\" data-elementor-lightbox-description=\"TodoCerdos - Portal especializado en noticias del sector porcino\" data-e-action-hash=\"#elementor-action%3Aaction%3Dlightbox%26settings%3DeyJpZCI6MTYzLCJ1cmwiOiJodHRwczpcL1wvd2Z4Z3JvdXAuY29tLmFyXC9ob3N0aW5nLW1haWxpbmdcL3dwLWNvbnRlbnRcL3VwbG9hZHNcLzIwMTlcLzAzXC9wb3J0Mi5qcGciLCJzbGlkZXNob3ciOiI5OTUyMzcwIn0%3D\">\n\t\t\t\t\t<div class=\"e-gallery-image elementor-gallery-item__image\" data-thumbnail=\"https:\/\/wfxgroup.com.ar\/hosting-mailing\/wp-content\/uploads\/2019\/03\/port2.jpg\" data-width=\"1035\" data-height=\"974\" aria-label=\"\" role=\"img\" ><\/div>\n\t\t\t\t\t\t\t\t\t\t\t<div class=\"elementor-gallery-item__overlay\"><\/div>\n\t\t\t\t\t\t\t\t\t\t\t\t\t\t\t<div class=\"elementor-gallery-item__content\">\n\t\t\t\t\t\t\t\t\t\t\t\t\t\t<div class=\"elementor-gallery-item__title\">\n\t\t\t\t\t\t\t\t\t\t\t\t\t\t\t\t\t\tTodoCerdos\t\t\t\t\t\t\t\t<\/div>\n\t\t\t\t\t\t\t\t\t\t\t\t\t\t\t<div class=\"elementor-gallery-item__description\">\n\t\t\t\t\t\t\t\t\t\t\t\t\t\t\t\t\t\tTodoCerdos.com.ar\t\t\t\t\t\t\t\t<\/div>\n\t\t\t\t\t\t\t\t\t\t\t\t<\/div>\n\t\t\t\t\t\t\t\t\t<\/a>\n\t\t\t\t\t\t\t<a class=\"e-gallery-item elementor-gallery-item elementor-animated-content\" href=\"https:\/\/wfxgroup.com.ar\/hosting-mailing\/wp-content\/uploads\/2019\/03\/port3.jpg\" data-elementor-open-lightbox=\"yes\" data-elementor-lightbox-slideshow=\"9952370\" data-elementor-lightbox-title=\"TodoMani\" data-elementor-lightbox-description=\"TodoMani - Portal de noticias de la cadena manisera argentina\" data-e-action-hash=\"#elementor-action%3Aaction%3Dlightbox%26settings%3DeyJpZCI6MTY0LCJ1cmwiOiJodHRwczpcL1wvd2Z4Z3JvdXAuY29tLmFyXC9ob3N0aW5nLW1haWxpbmdcL3dwLWNvbnRlbnRcL3VwbG9hZHNcLzIwMTlcLzAzXC9wb3J0My5qcGciLCJzbGlkZXNob3ciOiI5OTUyMzcwIn0%3D\">\n\t\t\t\t\t<div class=\"e-gallery-image elementor-gallery-item__image\" data-thumbnail=\"https:\/\/wfxgroup.com.ar\/hosting-mailing\/wp-content\/uploads\/2019\/03\/port3.jpg\" data-width=\"1595\" data-height=\"974\" aria-label=\"\" role=\"img\" ><\/div>\n\t\t\t\t\t\t\t\t\t\t\t<div class=\"elementor-gallery-item__overlay\"><\/div>\n\t\t\t\t\t\t\t\t\t\t\t\t\t\t\t<div class=\"elementor-gallery-item__content\">\n\t\t\t\t\t\t\t\t\t\t\t\t\t\t<div class=\"elementor-gallery-item__title\">\n\t\t\t\t\t\t\t\t\t\t\t\t\t\t\t\t\t\tTodoMani\t\t\t\t\t\t\t\t<\/div>\n\t\t\t\t\t\t\t\t\t\t\t\t\t\t\t<div class=\"elementor-gallery-item__description\">\n\t\t\t\t\t\t\t\t\t\t\t\t\t\t\t\t\t\tTodoMani.com.ar\t\t\t\t\t\t\t\t<\/div>\n\t\t\t\t\t\t\t\t\t\t\t\t<\/div>\n\t\t\t\t\t\t\t\t\t<\/a>\n\t\t\t\t\t<\/div>\n\t\t\t\t\t<\/div>\n\t\t\t\t<\/div>\n\t\t\t\t\t<\/div>\n\t\t<\/div>\n\t\t\t\t\t<\/div>\n\t\t<\/section>\n\t\t\t\t<\/div>\n\t\t","protected":false},"excerpt":{"rendered":"<p>Portfolio Bulonera Camba BuloneraCamba.com.ar TodoAgro TodoAgro.com.ar PILT PILT.com.ar Condor Pinceles Econdor.com.ar Pinturas Fadepa PinturasFadepa.com.ar TodoCerdos TodoCerdos.com.ar TodoMani TodoMani.com.ar<\/p>\n","protected":false},"author":2,"featured_media":0,"parent":0,"menu_order":0,"comment_status":"closed","ping_status":"closed","template":"","meta":{"jetpack_post_was_ever_published":false,"footnotes":""},"class_list":["post-40","page","type-page","status-publish","hentry"],"yoast_head":"<!-- This site is optimized with the Yoast SEO plugin v27.4 - https:\/\/yoast.com\/product\/yoast-seo-wordpress\/ -->\n<title>Portfolio - WfxGroup<\/title>\n<meta name=\"robots\" content=\"index, follow, max-snippet:-1, max-image-preview:large, max-video-preview:-1\" \/>\n<link rel=\"canonical\" href=\"https:\/\/wfxgroup.com.ar\/hosting-mailing\/portfolio\/\" \/>\n<meta property=\"og:locale\" content=\"es_ES\" \/>\n<meta property=\"og:type\" content=\"article\" \/>\n<meta property=\"og:title\" content=\"Portfolio - WfxGroup\" \/>\n<meta property=\"og:description\" content=\"Portfolio Bulonera Camba BuloneraCamba.com.ar TodoAgro TodoAgro.com.ar PILT PILT.com.ar Condor Pinceles Econdor.com.ar Pinturas Fadepa PinturasFadepa.com.ar TodoCerdos TodoCerdos.com.ar TodoMani TodoMani.com.ar\" \/>\n<meta property=\"og:url\" content=\"https:\/\/wfxgroup.com.ar\/hosting-mailing\/portfolio\/\" \/>\n<meta property=\"og:site_name\" content=\"WfxGroup\" \/>\n<meta property=\"article:modified_time\" content=\"2020-10-25T20:57:19+00:00\" \/>\n<meta name=\"twitter:card\" content=\"summary_large_image\" \/>\n<script type=\"application\/ld+json\" class=\"yoast-schema-graph\">{\"@context\":\"https:\\\/\\\/schema.org\",\"@graph\":[{\"@type\":\"WebPage\",\"@id\":\"https:\\\/\\\/wfxgroup.com.ar\\\/hosting-mailing\\\/portfolio\\\/\",\"url\":\"https:\\\/\\\/wfxgroup.com.ar\\\/hosting-mailing\\\/portfolio\\\/\",\"name\":\"Portfolio - WfxGroup\",\"isPartOf\":{\"@id\":\"https:\\\/\\\/wfxgroup.com.ar\\\/hosting-mailing\\\/#website\"},\"datePublished\":\"2019-03-12T17:38:53+00:00\",\"dateModified\":\"2020-10-25T20:57:19+00:00\",\"breadcrumb\":{\"@id\":\"https:\\\/\\\/wfxgroup.com.ar\\\/hosting-mailing\\\/portfolio\\\/#breadcrumb\"},\"inLanguage\":\"es\",\"potentialAction\":[{\"@type\":\"ReadAction\",\"target\":[\"https:\\\/\\\/wfxgroup.com.ar\\\/hosting-mailing\\\/portfolio\\\/\"]}]},{\"@type\":\"BreadcrumbList\",\"@id\":\"https:\\\/\\\/wfxgroup.com.ar\\\/hosting-mailing\\\/portfolio\\\/#breadcrumb\",\"itemListElement\":[{\"@type\":\"ListItem\",\"position\":1,\"name\":\"Portada\",\"item\":\"https:\\\/\\\/wfxgroup.com.ar\\\/hosting-mailing\\\/\"},{\"@type\":\"ListItem\",\"position\":2,\"name\":\"Portfolio\"}]},{\"@type\":\"WebSite\",\"@id\":\"https:\\\/\\\/wfxgroup.com.ar\\\/hosting-mailing\\\/#website\",\"url\":\"https:\\\/\\\/wfxgroup.com.ar\\\/hosting-mailing\\\/\",\"name\":\"WfxGroup\",\"description\":\"Desarrollos Web a medida\",\"potentialAction\":[{\"@type\":\"SearchAction\",\"target\":{\"@type\":\"EntryPoint\",\"urlTemplate\":\"https:\\\/\\\/wfxgroup.com.ar\\\/hosting-mailing\\\/?s={search_term_string}\"},\"query-input\":{\"@type\":\"PropertyValueSpecification\",\"valueRequired\":true,\"valueName\":\"search_term_string\"}}],\"inLanguage\":\"es\"}]}<\/script>\n<!-- \/ Yoast SEO plugin. -->","yoast_head_json":{"title":"Portfolio - WfxGroup","robots":{"index":"index","follow":"follow","max-snippet":"max-snippet:-1","max-image-preview":"max-image-preview:large","max-video-preview":"max-video-preview:-1"},"canonical":"https:\/\/wfxgroup.com.ar\/hosting-mailing\/portfolio\/","og_locale":"es_ES","og_type":"article","og_title":"Portfolio - WfxGroup","og_description":"Portfolio Bulonera Camba BuloneraCamba.com.ar TodoAgro TodoAgro.com.ar PILT PILT.com.ar Condor Pinceles Econdor.com.ar Pinturas Fadepa PinturasFadepa.com.ar TodoCerdos TodoCerdos.com.ar TodoMani TodoMani.com.ar","og_url":"https:\/\/wfxgroup.com.ar\/hosting-mailing\/portfolio\/","og_site_name":"WfxGroup","article_modified_time":"2020-10-25T20:57:19+00:00","twitter_card":"summary_large_image","schema":{"@context":"https:\/\/schema.org","@graph":[{"@type":"WebPage","@id":"https:\/\/wfxgroup.com.ar\/hosting-mailing\/portfolio\/","url":"https:\/\/wfxgroup.com.ar\/hosting-mailing\/portfolio\/","name":"Portfolio - WfxGroup","isPartOf":{"@id":"https:\/\/wfxgroup.com.ar\/hosting-mailing\/#website"},"datePublished":"2019-03-12T17:38:53+00:00","dateModified":"2020-10-25T20:57:19+00:00","breadcrumb":{"@id":"https:\/\/wfxgroup.com.ar\/hosting-mailing\/portfolio\/#breadcrumb"},"inLanguage":"es","potentialAction":[{"@type":"ReadAction","target":["https:\/\/wfxgroup.com.ar\/hosting-mailing\/portfolio\/"]}]},{"@type":"BreadcrumbList","@id":"https:\/\/wfxgroup.com.ar\/hosting-mailing\/portfolio\/#breadcrumb","itemListElement":[{"@type":"ListItem","position":1,"name":"Portada","item":"https:\/\/wfxgroup.com.ar\/hosting-mailing\/"},{"@type":"ListItem","position":2,"name":"Portfolio"}]},{"@type":"WebSite","@id":"https:\/\/wfxgroup.com.ar\/hosting-mailing\/#website","url":"https:\/\/wfxgroup.com.ar\/hosting-mailing\/","name":"WfxGroup","description":"Desarrollos Web a medida","potentialAction":[{"@type":"SearchAction","target":{"@type":"EntryPoint","urlTemplate":"https:\/\/wfxgroup.com.ar\/hosting-mailing\/?s={search_term_string}"},"query-input":{"@type":"PropertyValueSpecification","valueRequired":true,"valueName":"search_term_string"}}],"inLanguage":"es"}]}},"jetpack_sharing_enabled":true,"jetpack_shortlink":"https:\/\/wp.me\/PaNH80-E","_links":{"self":[{"href":"https:\/\/wfxgroup.com.ar\/hosting-mailing\/wp-json\/wp\/v2\/pages\/40","targetHints":{"allow":["GET"]}}],"collection":[{"href":"https:\/\/wfxgroup.com.ar\/hosting-mailing\/wp-json\/wp\/v2\/pages"}],"about":[{"href":"https:\/\/wfxgroup.com.ar\/hosting-mailing\/wp-json\/wp\/v2\/types\/page"}],"author":[{"embeddable":true,"href":"https:\/\/wfxgroup.com.ar\/hosting-mailing\/wp-json\/wp\/v2\/users\/2"}],"replies":[{"embeddable":true,"href":"https:\/\/wfxgroup.com.ar\/hosting-mailing\/wp-json\/wp\/v2\/comments?post=40"}],"version-history":[{"count":35,"href":"https:\/\/wfxgroup.com.ar\/hosting-mailing\/wp-json\/wp\/v2\/pages\/40\/revisions"}],"predecessor-version":[{"id":738,"href":"https:\/\/wfxgroup.com.ar\/hosting-mailing\/wp-json\/wp\/v2\/pages\/40\/revisions\/738"}],"wp:attachment":[{"href":"https:\/\/wfxgroup.com.ar\/hosting-mailing\/wp-json\/wp\/v2\/media?parent=40"}],"curies":[{"name":"wp","href":"https:\/\/api.w.org\/{rel}","templated":true}]}}