{"id":18,"date":"2019-03-12T17:00:51","date_gmt":"2019-03-12T17:00:51","guid":{"rendered":"https:\/\/wfxgroup.com.ar\/hosting-mailing\/producto\/import-placeholder-for-35\/"},"modified":"2026-03-04T23:04:30","modified_gmt":"2026-03-04T23:04:30","slug":"servidor-cloud-nacional-windows","status":"publish","type":"product","link":"https:\/\/wfxgroup.com.ar\/hosting-mailing\/producto\/servidor-cloud-nacional-windows\/","title":{"rendered":"Servidor Cloud Nacional Windows"},"content":{"rendered":"<p>Cloud Servers 100% SSD<\/p>\n<p><span style=\"color: #444444; font-family: Open Sans, Arial, Helvetica, sans-serif;\"><b>OpenStack\u00a0<\/b>(la plataforma de Cloud m\u00e1s popular), almacenamiento HD SSD Raid 1 y vCPUs de 2 a 3,2 Ghz dedicados, otorgar\u00e1n a tus proyectos un desempe\u00f1o sorprendente.<\/span><\/p>\n<p class=\"titulo\"><span style=\"color: #444444;\">Crece sin l\u00edmites&#8230;<br \/>\n<\/span>Un incremento repentino de visitas a tu sitio ya no lo dejar\u00e1n fuera de l\u00ednea. Ampl\u00eda o disminuye los recursos de tus cloud servers (storage, memoria RAM, vCPUs) en cualquier momento y en la medida que lo necesites. Podr\u00e1s redimensionarlos con un par de clicks y en el tiempo que demora un reinicio, tu sitio estar\u00e1 preparado para afrontar las peores tormentas.<\/p>\n<p>Crea adem\u00e1s tu propia infraestructura, agregando servidores e interconect\u00e1ndolos a trav\u00e9s de una red privada.<\/p>\n<p class=\"titulo\">Linux \/ Windows + Click&amp;<em>Go<\/em><\/p>\n<p>Despliega un Cloud Server con las aplicaciones y entornos m\u00e1s populares en s\u00f3lo 2 minutos. Todo listo para usar y optimizado para el m\u00e1s alto rendimiento.<\/p>\n<ul>\n<li class=\"cloud_sprite_2\">Windows Server 2012<\/li>\n<li class=\"cloud_sprite_2\">Ubuntu Server 16.04<\/li>\n<li class=\"cloud_sprite_2\">Ubuntu Server 14.04<\/li>\n<li class=\"cloud_sprite_2\">CentOS 6 o 7<\/li>\n<li class=\"cloud_sprite_2\">Debian GNU\/Linux 7<\/li>\n<li class=\"cloud_sprite_2\">Fedora 21 Server<\/li>\n<li class=\"cloud_sprite_2\">Slackware 14<\/li>\n<\/ul>\n<ul class=\"last\">\n<li class=\"cloud_sprite_2\">LAMP Stack (Apache + MySQL + PHP)<\/li>\n<li class=\"cloud_sprite_2\">LEMP Stack (Nginx + MySQL + PHP)<\/li>\n<li class=\"cloud_sprite_2\">NodeJS<\/li>\n<li class=\"cloud_sprite_2\">Ruby on Rails<\/li>\n<li class=\"cloud_sprite_2\">Django<\/li>\n<li class=\"cloud_sprite_2\">Magento<\/li>\n<li class=\"cloud_sprite_2\">WordPress (LAMP)<\/li>\n<li class=\"cloud_sprite_2\">Moodle (LAMP)<\/li>\n<li class=\"cloud_sprite_2\">MySQL Server<\/li>\n<li class=\"cloud_sprite_2\">MongoDB<\/li>\n<li class=\"cloud_sprite_2\">Apache Tomcat 7<\/li>\n<li class=\"cloud_sprite_2\">GitLab<\/li>\n<li class=\"cloud_sprite_2\">Panel Ferozo + Pack Amigo<\/li>\n<li class=\"cloud_sprite_2\">cPanel + WHM<\/li>\n<\/ul>\n<p>Snapshots<\/p>\n<p>Mantiene hasta 2 copias instant\u00e1neas de tus cloud servers, para luego crear otros servidores id\u00e9nticos o restaurarlas en caso de cambios cr\u00edticos.<\/p>\n<p>Firewall<\/p>\n<p>Gestiona las reglas de acceso de tr\u00e1fico para cada Cloud Server desde una interfaz simple e intuitiva en tu panel de control.<\/p>\n<p>Poderosas Estad\u00edsticas<\/p>\n<p>Descubre, minuto a minuto y en forma gr\u00e1fica, la utilizaci\u00f3n de los recursos (vCPUs, memoria, tr\u00e1fico, almacenamiento) de tus cloud servers.<\/p>\n<p>Private Network<\/p>\n<p>Despliega tu propia infraestructura de servidores conect\u00e1ndolos entre si a trav\u00e9s de una red privada.<br \/>\nEl tr\u00e1fico de esta red no tiene cargo.<\/p>\n<p>Control Total<\/p>\n<p>Tus servidores, tus aplicaciones, tu informaci\u00f3n&#8230; todo bajo tu control. Accede con usuario root a trav\u00e9s de SSH (Linux) o Remote Desktop (Windows).<\/p>\n","protected":false},"excerpt":{"rendered":"<p>Cloud Servers 100% SSD OpenStack\u00a0(la plataforma de Cloud m\u00e1s popular), almacenamiento HD SSD Raid 1 y vCPUs de 2 a 3,2 Ghz dedicados, otorgar\u00e1n a tus proyectos un desempe\u00f1o sorprendente. Crece sin l\u00edmites&#8230; Un incremento repentino de visitas a tu sitio ya no lo dejar\u00e1n fuera de l\u00ednea. Ampl\u00eda o disminuye los recursos de tus [&hellip;]<\/p>\n","protected":false},"featured_media":32,"comment_status":"open","ping_status":"closed","template":"","meta":{"jetpack_post_was_ever_published":false,"jetpack_publicize_message":"","jetpack_publicize_feature_enabled":true,"jetpack_social_post_already_shared":true,"jetpack_social_options":{"image_generator_settings":{"template":"highway","default_image_id":0,"font":"","enabled":false},"version":2}},"product_brand":[],"product_cat":[21],"product_tag":[],"class_list":{"0":"post-18","1":"product","2":"type-product","3":"status-publish","4":"has-post-thumbnail","6":"product_cat-hosting","8":"first","9":"instock","10":"shipping-taxable","11":"product-type-simple"},"yoast_head":"<!-- This site is optimized with the Yoast SEO plugin v27.5 - https:\/\/yoast.com\/product\/yoast-seo-wordpress\/ -->\n<title>Servidor Cloud Nacional Windows - WfxGroup<\/title>\n<meta name=\"robots\" content=\"index, follow, max-snippet:-1, max-image-preview:large, max-video-preview:-1\" \/>\n<link rel=\"canonical\" href=\"https:\/\/wfxgroup.com.ar\/hosting-mailing\/producto\/servidor-cloud-nacional-windows\/\" \/>\n<meta property=\"og:locale\" content=\"es_ES\" \/>\n<meta property=\"og:type\" content=\"article\" \/>\n<meta property=\"og:title\" content=\"Servidor Cloud Nacional Windows - WfxGroup\" \/>\n<meta property=\"og:description\" content=\"Cloud Servers 100% SSD OpenStack\u00a0(la plataforma de Cloud m\u00e1s popular), almacenamiento HD SSD Raid 1 y vCPUs de 2 a 3,2 Ghz dedicados, otorgar\u00e1n a tus proyectos un desempe\u00f1o sorprendente. Crece sin l\u00edmites&#8230; Un incremento repentino de visitas a tu sitio ya no lo dejar\u00e1n fuera de l\u00ednea. Ampl\u00eda o disminuye los recursos de tus [&hellip;]\" \/>\n<meta property=\"og:url\" content=\"https:\/\/wfxgroup.com.ar\/hosting-mailing\/producto\/servidor-cloud-nacional-windows\/\" \/>\n<meta property=\"og:site_name\" content=\"WfxGroup\" \/>\n<meta property=\"article:modified_time\" content=\"2026-03-04T23:04:30+00:00\" \/>\n<meta property=\"og:image\" content=\"https:\/\/wfxgroup.com.ar\/hosting-mailing\/wp-content\/uploads\/2019\/03\/descarga.png\" \/>\n\t<meta property=\"og:image:width\" content=\"937\" \/>\n\t<meta property=\"og:image:height\" content=\"625\" \/>\n\t<meta property=\"og:image:type\" content=\"image\/png\" \/>\n<meta name=\"twitter:card\" content=\"summary_large_image\" \/>\n<meta name=\"twitter:label1\" content=\"Tiempo de lectura\" \/>\n\t<meta name=\"twitter:data1\" content=\"2 minutos\" \/>\n<script type=\"application\/ld+json\" class=\"yoast-schema-graph\">{\"@context\":\"https:\\\/\\\/schema.org\",\"@graph\":[{\"@type\":\"WebPage\",\"@id\":\"https:\\\/\\\/wfxgroup.com.ar\\\/hosting-mailing\\\/producto\\\/servidor-cloud-nacional-windows\\\/\",\"url\":\"https:\\\/\\\/wfxgroup.com.ar\\\/hosting-mailing\\\/producto\\\/servidor-cloud-nacional-windows\\\/\",\"name\":\"Servidor Cloud Nacional Windows - WfxGroup\",\"isPartOf\":{\"@id\":\"https:\\\/\\\/wfxgroup.com.ar\\\/hosting-mailing\\\/#website\"},\"primaryImageOfPage\":{\"@id\":\"https:\\\/\\\/wfxgroup.com.ar\\\/hosting-mailing\\\/producto\\\/servidor-cloud-nacional-windows\\\/#primaryimage\"},\"image\":{\"@id\":\"https:\\\/\\\/wfxgroup.com.ar\\\/hosting-mailing\\\/producto\\\/servidor-cloud-nacional-windows\\\/#primaryimage\"},\"thumbnailUrl\":\"https:\\\/\\\/wfxgroup.com.ar\\\/hosting-mailing\\\/wp-content\\\/uploads\\\/2019\\\/03\\\/descarga.png\",\"datePublished\":\"2019-03-12T17:00:51+00:00\",\"dateModified\":\"2026-03-04T23:04:30+00:00\",\"breadcrumb\":{\"@id\":\"https:\\\/\\\/wfxgroup.com.ar\\\/hosting-mailing\\\/producto\\\/servidor-cloud-nacional-windows\\\/#breadcrumb\"},\"inLanguage\":\"es\",\"potentialAction\":[{\"@type\":\"ReadAction\",\"target\":[\"https:\\\/\\\/wfxgroup.com.ar\\\/hosting-mailing\\\/producto\\\/servidor-cloud-nacional-windows\\\/\"]}]},{\"@type\":\"ImageObject\",\"inLanguage\":\"es\",\"@id\":\"https:\\\/\\\/wfxgroup.com.ar\\\/hosting-mailing\\\/producto\\\/servidor-cloud-nacional-windows\\\/#primaryimage\",\"url\":\"https:\\\/\\\/wfxgroup.com.ar\\\/hosting-mailing\\\/wp-content\\\/uploads\\\/2019\\\/03\\\/descarga.png\",\"contentUrl\":\"https:\\\/\\\/wfxgroup.com.ar\\\/hosting-mailing\\\/wp-content\\\/uploads\\\/2019\\\/03\\\/descarga.png\",\"width\":937,\"height\":625},{\"@type\":\"BreadcrumbList\",\"@id\":\"https:\\\/\\\/wfxgroup.com.ar\\\/hosting-mailing\\\/producto\\\/servidor-cloud-nacional-windows\\\/#breadcrumb\",\"itemListElement\":[{\"@type\":\"ListItem\",\"position\":1,\"name\":\"Portada\",\"item\":\"https:\\\/\\\/wfxgroup.com.ar\\\/hosting-mailing\\\/\"},{\"@type\":\"ListItem\",\"position\":2,\"name\":\"Tienda\",\"item\":\"https:\\\/\\\/wfxgroup.com.ar\\\/hosting-mailing\\\/tienda\\\/\"},{\"@type\":\"ListItem\",\"position\":3,\"name\":\"Servidor Cloud Nacional Windows\"}]},{\"@type\":\"WebSite\",\"@id\":\"https:\\\/\\\/wfxgroup.com.ar\\\/hosting-mailing\\\/#website\",\"url\":\"https:\\\/\\\/wfxgroup.com.ar\\\/hosting-mailing\\\/\",\"name\":\"WfxGroup\",\"description\":\"Desarrollos Web a medida\",\"potentialAction\":[{\"@type\":\"SearchAction\",\"target\":{\"@type\":\"EntryPoint\",\"urlTemplate\":\"https:\\\/\\\/wfxgroup.com.ar\\\/hosting-mailing\\\/?s={search_term_string}\"},\"query-input\":{\"@type\":\"PropertyValueSpecification\",\"valueRequired\":true,\"valueName\":\"search_term_string\"}}],\"inLanguage\":\"es\"}]}<\/script>\n<!-- \/ Yoast SEO plugin. -->","yoast_head_json":{"title":"Servidor Cloud Nacional Windows - WfxGroup","robots":{"index":"index","follow":"follow","max-snippet":"max-snippet:-1","max-image-preview":"max-image-preview:large","max-video-preview":"max-video-preview:-1"},"canonical":"https:\/\/wfxgroup.com.ar\/hosting-mailing\/producto\/servidor-cloud-nacional-windows\/","og_locale":"es_ES","og_type":"article","og_title":"Servidor Cloud Nacional Windows - WfxGroup","og_description":"Cloud Servers 100% SSD OpenStack\u00a0(la plataforma de Cloud m\u00e1s popular), almacenamiento HD SSD Raid 1 y vCPUs de 2 a 3,2 Ghz dedicados, otorgar\u00e1n a tus proyectos un desempe\u00f1o sorprendente. Crece sin l\u00edmites&#8230; Un incremento repentino de visitas a tu sitio ya no lo dejar\u00e1n fuera de l\u00ednea. Ampl\u00eda o disminuye los recursos de tus [&hellip;]","og_url":"https:\/\/wfxgroup.com.ar\/hosting-mailing\/producto\/servidor-cloud-nacional-windows\/","og_site_name":"WfxGroup","article_modified_time":"2026-03-04T23:04:30+00:00","og_image":[{"width":937,"height":625,"url":"https:\/\/wfxgroup.com.ar\/hosting-mailing\/wp-content\/uploads\/2019\/03\/descarga.png","type":"image\/png"}],"twitter_card":"summary_large_image","twitter_misc":{"Tiempo de lectura":"2 minutos"},"schema":{"@context":"https:\/\/schema.org","@graph":[{"@type":"WebPage","@id":"https:\/\/wfxgroup.com.ar\/hosting-mailing\/producto\/servidor-cloud-nacional-windows\/","url":"https:\/\/wfxgroup.com.ar\/hosting-mailing\/producto\/servidor-cloud-nacional-windows\/","name":"Servidor Cloud Nacional Windows - WfxGroup","isPartOf":{"@id":"https:\/\/wfxgroup.com.ar\/hosting-mailing\/#website"},"primaryImageOfPage":{"@id":"https:\/\/wfxgroup.com.ar\/hosting-mailing\/producto\/servidor-cloud-nacional-windows\/#primaryimage"},"image":{"@id":"https:\/\/wfxgroup.com.ar\/hosting-mailing\/producto\/servidor-cloud-nacional-windows\/#primaryimage"},"thumbnailUrl":"https:\/\/wfxgroup.com.ar\/hosting-mailing\/wp-content\/uploads\/2019\/03\/descarga.png","datePublished":"2019-03-12T17:00:51+00:00","dateModified":"2026-03-04T23:04:30+00:00","breadcrumb":{"@id":"https:\/\/wfxgroup.com.ar\/hosting-mailing\/producto\/servidor-cloud-nacional-windows\/#breadcrumb"},"inLanguage":"es","potentialAction":[{"@type":"ReadAction","target":["https:\/\/wfxgroup.com.ar\/hosting-mailing\/producto\/servidor-cloud-nacional-windows\/"]}]},{"@type":"ImageObject","inLanguage":"es","@id":"https:\/\/wfxgroup.com.ar\/hosting-mailing\/producto\/servidor-cloud-nacional-windows\/#primaryimage","url":"https:\/\/wfxgroup.com.ar\/hosting-mailing\/wp-content\/uploads\/2019\/03\/descarga.png","contentUrl":"https:\/\/wfxgroup.com.ar\/hosting-mailing\/wp-content\/uploads\/2019\/03\/descarga.png","width":937,"height":625},{"@type":"BreadcrumbList","@id":"https:\/\/wfxgroup.com.ar\/hosting-mailing\/producto\/servidor-cloud-nacional-windows\/#breadcrumb","itemListElement":[{"@type":"ListItem","position":1,"name":"Portada","item":"https:\/\/wfxgroup.com.ar\/hosting-mailing\/"},{"@type":"ListItem","position":2,"name":"Tienda","item":"https:\/\/wfxgroup.com.ar\/hosting-mailing\/tienda\/"},{"@type":"ListItem","position":3,"name":"Servidor Cloud Nacional Windows"}]},{"@type":"WebSite","@id":"https:\/\/wfxgroup.com.ar\/hosting-mailing\/#website","url":"https:\/\/wfxgroup.com.ar\/hosting-mailing\/","name":"WfxGroup","description":"Desarrollos Web a medida","potentialAction":[{"@type":"SearchAction","target":{"@type":"EntryPoint","urlTemplate":"https:\/\/wfxgroup.com.ar\/hosting-mailing\/?s={search_term_string}"},"query-input":{"@type":"PropertyValueSpecification","valueRequired":true,"valueName":"search_term_string"}}],"inLanguage":"es"}]}},"jetpack_publicize_connections":[],"jetpack_sharing_enabled":true,"_links":{"self":[{"href":"https:\/\/wfxgroup.com.ar\/hosting-mailing\/wp-json\/wp\/v2\/product\/18","targetHints":{"allow":["GET"]}}],"collection":[{"href":"https:\/\/wfxgroup.com.ar\/hosting-mailing\/wp-json\/wp\/v2\/product"}],"about":[{"href":"https:\/\/wfxgroup.com.ar\/hosting-mailing\/wp-json\/wp\/v2\/types\/product"}],"replies":[{"embeddable":true,"href":"https:\/\/wfxgroup.com.ar\/hosting-mailing\/wp-json\/wp\/v2\/comments?post=18"}],"wp:featuredmedia":[{"embeddable":true,"href":"https:\/\/wfxgroup.com.ar\/hosting-mailing\/wp-json\/wp\/v2\/media\/32"}],"wp:attachment":[{"href":"https:\/\/wfxgroup.com.ar\/hosting-mailing\/wp-json\/wp\/v2\/media?parent=18"}],"wp:term":[{"taxonomy":"product_brand","embeddable":true,"href":"https:\/\/wfxgroup.com.ar\/hosting-mailing\/wp-json\/wp\/v2\/product_brand?post=18"},{"taxonomy":"product_cat","embeddable":true,"href":"https:\/\/wfxgroup.com.ar\/hosting-mailing\/wp-json\/wp\/v2\/product_cat?post=18"},{"taxonomy":"product_tag","embeddable":true,"href":"https:\/\/wfxgroup.com.ar\/hosting-mailing\/wp-json\/wp\/v2\/product_tag?post=18"}],"curies":[{"name":"wp","href":"https:\/\/api.w.org\/{rel}","templated":true}]}}